{"id":2091,"date":"2025-10-26T20:18:12","date_gmt":"2025-10-26T20:18:12","guid":{"rendered":"https:\/\/ntcc.trustdev.info\/news\/"},"modified":"2025-11-03T11:30:19","modified_gmt":"2025-11-03T11:30:19","slug":"actualites","status":"publish","type":"page","link":"https:\/\/ntccglobal.com\/fr\/actualites\/","title":{"rendered":"Actualit\u00e9s"},"content":{"rendered":"<section class=\"wpb-content-wrapper\"><p>[vc_row][vc_column]<div id=\"cz_98914\" class=\"cz_98914 cz_title clr cz_mobile_text_center cz_title_pos_inline center_title\"><div class=\"cz_title_content\"><div class=\"cz_wpe_content\"><p><span class=\"sub_title\">Derni\u00e8res nouvelles<\/span><\/p>\n<h2>Actualit\u00e9s de notre secteur<\/h2>\n<\/div><\/div><\/div><div class=\"cz_gap clr \" style=\"height: 20px\"><\/div><div id=\"cz_45304\" class=\"cz_45304\"><div class=\"cz_grid cz_grid_1 clr cz_grid_c1 cz_grid_l1 cz_grid_1_title_sub_after cz_grid_1_has_excerpt cz_grid_1_bot tal blog\" data-gap=\"50\" data-atts='{\"action\":\"cz_ajax_posts\",\"post_class\":\"cz_grid_item\",\"post__in\":null,\"author__in\":null,\"nonce\":\"5d0f605eac\",\"nonce_id\":\"cz_45304\",\"loadmore_end\":\"Not found more posts\",\"layout\":\"cz_grid_c1 cz_grid_l1\",\"hover\":\"cz_grid_1_title_sub_after cz_grid_1_has_excerpt\",\"image_size\":\"codevz_1200_500\",\"subtitles\":\"%5B%7B%22t%22%3A%22date%22%7D%5D\",\"subtitle_pos\":\"\",\"icon\":\"fa czico-142-search-6\",\"el\":\"200\",\"title_lenght\":\"\",\"cat_tax\":\"category\",\"cat\":\"98\",\"cat_exclude\":\"\",\"tag_tax\":\"post_tag\",\"tag_id\":\"\",\"tag_exclude\":\"\",\"post_type\":\"post\",\"posts_per_page\":\"\",\"order\":\"DESC\",\"orderby\":\"date\",\"tilt_data\":null,\"svg_sizes\":[\"1200\",\"500\"],\"img_fx\":\"\",\"custom_size\":\"\",\"excerpt_rm\":\"true\",\"title_tag\":\"h3\",\"s\":\"\"}'><div class=\"cz_grid_item cz_grid_first\"><\/div><div data-id=\"2070\" class=\"cz_grid_item  cz_posts_list_even post-2070 post type-post status-publish format-standard has-post-thumbnail hentry category-news-fr\"><div class=\"clr\"><a class=\"cz_grid_link\" href=\"https:\/\/ntccglobal.com\/fr\/unleashing-the-desert-beast-1\/\" title=\"Dominez le d\u00e9sert avec puissance, force et fiabilit\u00e9\"><img decoding=\"async\" width=\"1200\" height=\"410\" src=\"https:\/\/ntccglobal.com\/wp-content\/uploads\/2018\/06\/Unleashing-the-Desert-Beast-1200x410.webp\" class=\"attachment-codevz_1200_500\" alt=\"\" title=\"Unleashing-the-Desert-Beast\" \/><div class=\"cz_grid_details\"><i class=\"fa czico-142-search-6 cz_grid_icon\"><\/i><\/div><\/a><div class=\"cz_grid_details cz_grid_details_outside\"><a class=\"cz_grid_title\" href=\"https:\/\/ntccglobal.com\/fr\/unleashing-the-desert-beast-1\/\"><h3>Dominez le d\u00e9sert avec puissance, force et fiabilit\u00e9<\/h3><\/a><small class=\"clr\"><span class=\"cz_post_data cz_data_date\"><a href=\"https:\/\/ntccglobal.com\/fr\/unleashing-the-desert-beast-1\/\">27 Juin<\/a><\/span><\/small><div class=\"cz_post_excerpt\">Con\u00e7u pour dominer les routes, montagnes et vall\u00e9es de Libye : l\u2019attente est termin\u00e9e \u2014 la B\u00eate du D\u00e9sert est arriv\u00e9e. Con\u00e7u par National Trailers Export Company, ce remorque r\u00e9volutionnaire inaugure une nouvelle \u00e8re de puissance, de durabilit\u00e9 et de confiance.  <a class=\"cz_readmore cz_readmore_no_icon\" href=\"https:\/\/ntccglobal.com\/fr\/unleashing-the-desert-beast-1\/\"><span>Read More<\/span><\/a><\/div><\/div><\/div><\/div><div data-id=\"2071\" class=\"cz_grid_item  cz_posts_list_odd post-2071 post type-post status-publish format-standard has-post-thumbnail hentry category-news-fr\"><div class=\"clr\"><a class=\"cz_grid_link\" href=\"https:\/\/ntccglobal.com\/fr\/national-trailers-export-company-general-assembly-1\/\" title=\"Assembl\u00e9e g\u00e9n\u00e9rale de National Trailers Export Company\"><img decoding=\"async\" width=\"1200\" height=\"410\" src=\"https:\/\/ntccglobal.com\/wp-content\/uploads\/2018\/06\/National-Trailers-Export-Company-1200x410.webp\" class=\"attachment-codevz_1200_500\" alt=\"\" title=\"National-Trailers-Export-Company\" \/><div class=\"cz_grid_details\"><i class=\"fa czico-142-search-6 cz_grid_icon\"><\/i><\/div><\/a><div class=\"cz_grid_details cz_grid_details_outside\"><a class=\"cz_grid_title\" href=\"https:\/\/ntccglobal.com\/fr\/national-trailers-export-company-general-assembly-1\/\"><h3>Assembl\u00e9e g\u00e9n\u00e9rale de National Trailers Export Company<\/h3><\/a><small class=\"clr\"><span class=\"cz_post_data cz_data_date\"><a href=\"https:\/\/ntccglobal.com\/fr\/national-trailers-export-company-general-assembly-1\/\">26 Juin<\/a><\/span><\/small><div class=\"cz_post_excerpt\">La r\u00e9union, pr\u00e9sid\u00e9e par le Ministre de l\u2019Industrie et des Mines, a examin\u00e9 les rapports de performance, abord\u00e9 les d\u00e9fis rencontr\u00e9s et pr\u00e9sent\u00e9 les strat\u00e9gies futures visant \u00e0 renforcer la contribution de National Trailers Export Company \u00e0 l\u2019\u00e9conomie nationale. <a class=\"cz_readmore cz_readmore_no_icon\" href=\"https:\/\/ntccglobal.com\/fr\/national-trailers-export-company-general-assembly-1\/\"><span>Read More<\/span><\/a><\/div><\/div><\/div><\/div><div data-id=\"2072\" class=\"cz_grid_item  cz_posts_list_even post-2072 post type-post status-publish format-standard has-post-thumbnail hentry category-news-fr\"><div class=\"clr\"><a class=\"cz_grid_link\" href=\"https:\/\/ntccglobal.com\/fr\/labor-ministry-inspects-national-trailers-export-company\/\" title=\"Le Minist\u00e8re du Travail inspecte National Trailers Export Company\"><img decoding=\"async\" width=\"1200\" height=\"410\" src=\"https:\/\/ntccglobal.com\/wp-content\/uploads\/2018\/06\/Labor-Ministry-Inspects-National-Trailers-Export-Company-1200x410.webp\" class=\"attachment-codevz_1200_500\" alt=\"\" title=\"Labor-Ministry-Inspects-National-Trailers-Export-Company\" \/><div class=\"cz_grid_details\"><i class=\"fa czico-142-search-6 cz_grid_icon\"><\/i><\/div><\/a><div class=\"cz_grid_details cz_grid_details_outside\"><a class=\"cz_grid_title\" href=\"https:\/\/ntccglobal.com\/fr\/labor-ministry-inspects-national-trailers-export-company\/\"><h3>Le Minist\u00e8re du Travail inspecte National Trailers Export Company<\/h3><\/a><small class=\"clr\"><span class=\"cz_post_data cz_data_date\"><a href=\"https:\/\/ntccglobal.com\/fr\/labor-ministry-inspects-national-trailers-export-company\/\">25 Juin<\/a><\/span><\/small><div class=\"cz_post_excerpt\">Une visite compl\u00e8te a \u00e9t\u00e9 effectu\u00e9e, mettant en avant la s\u00e9curit\u00e9 au travail, les pratiques op\u00e9rationnelles et la collaboration afin de garantir un environnement de travail productif et s\u00e9curis\u00e9, tout en renfor\u00e7ant l\u2019engagement de l\u2019entreprise envers la qualit\u00e9 et l\u2019excellence dans toutes ses op\u00e9rations. <a class=\"cz_readmore cz_readmore_no_icon\" href=\"https:\/\/ntccglobal.com\/fr\/labor-ministry-inspects-national-trailers-export-company\/\"><span>Read More<\/span><\/a><\/div><\/div><\/div><\/div><\/div><\/div>[\/vc_column][\/vc_row]<\/p>\n<\/section>","protected":false},"excerpt":{"rendered":"<p>[vc_row][vc_column][\/vc_column][\/vc_row] &#8230; <a class=\"cz_readmore cz_readmore_no_icon\" href=\"https:\/\/ntccglobal.com\/fr\/labor-ministry-inspects-national-trailers-export-company\/\"><span>Read More<\/span><\/a><\/p>\n","protected":false},"author":1,"featured_media":0,"parent":0,"menu_order":0,"comment_status":"closed","ping_status":"closed","template":"","meta":{"inline_featured_image":false,"footnotes":""},"yst_prominent_words":[],"class_list":["post-2091","page","type-page","status-publish","hentry"],"_links":{"self":[{"href":"https:\/\/ntccglobal.com\/fr\/wp-json\/wp\/v2\/pages\/2091","targetHints":{"allow":["GET"]}}],"collection":[{"href":"https:\/\/ntccglobal.com\/fr\/wp-json\/wp\/v2\/pages"}],"about":[{"href":"https:\/\/ntccglobal.com\/fr\/wp-json\/wp\/v2\/types\/page"}],"author":[{"embeddable":true,"href":"https:\/\/ntccglobal.com\/fr\/wp-json\/wp\/v2\/users\/1"}],"replies":[{"embeddable":true,"href":"https:\/\/ntccglobal.com\/fr\/wp-json\/wp\/v2\/comments?post=2091"}],"version-history":[{"count":2,"href":"https:\/\/ntccglobal.com\/fr\/wp-json\/wp\/v2\/pages\/2091\/revisions"}],"predecessor-version":[{"id":2344,"href":"https:\/\/ntccglobal.com\/fr\/wp-json\/wp\/v2\/pages\/2091\/revisions\/2344"}],"wp:attachment":[{"href":"https:\/\/ntccglobal.com\/fr\/wp-json\/wp\/v2\/media?parent=2091"}],"wp:term":[{"taxonomy":"yst_prominent_words","embeddable":true,"href":"https:\/\/ntccglobal.com\/fr\/wp-json\/wp\/v2\/yst_prominent_words?post=2091"}],"curies":[{"name":"wp","href":"https:\/\/api.w.org\/{rel}","templated":true}]}}