{"id":2085,"date":"2025-10-26T20:17:49","date_gmt":"2025-10-26T20:17:49","guid":{"rendered":"https:\/\/ntcc.trustdev.info\/blog\/"},"modified":"2025-11-04T09:56:22","modified_gmt":"2025-11-04T09:56:22","slug":"blog","status":"publish","type":"page","link":"https:\/\/ntccglobal.com\/fr\/blog\/","title":{"rendered":"Blog"},"content":{"rendered":"<section class=\"wpb-content-wrapper\"><p>[vc_row][vc_column]<div id=\"cz_103401\" class=\"cz_103401 cz_title clr cz_mobile_text_center cz_title_pos_inline center_title\"><div class=\"cz_title_content\"><div class=\"cz_wpe_content\"><p><span class=\"sub_title\">Nos Blogs<\/span><\/p>\n<h2>Aper\u00e7us &amp; Innovations<\/h2>\n<\/div><\/div><\/div><div class=\"cz_gap clr \" style=\"height: 20px\"><\/div><div id=\"cz_82238\" class=\"cz_82238\"><div class=\"cz_grid cz_grid_1 clr cz_grid_c3 cz_grid_1_title_sub_after cz_grid_1_has_excerpt cz_grid_1_bot tal post_car\" data-gap=\"39\" data-atts='{\"action\":\"cz_ajax_posts\",\"post_class\":\"cz_grid_item\",\"post__in\":null,\"author__in\":null,\"nonce\":\"6e0f52908d\",\"nonce_id\":\"cz_82238\",\"loadmore_end\":\"Not found more posts\",\"layout\":\"cz_grid_c3\",\"hover\":\"cz_grid_1_title_sub_after cz_grid_1_has_excerpt\",\"image_size\":\"codevz_600_600\",\"subtitles\":\"%5B%7B%22t%22%3A%22date%22%7D%5D\",\"subtitle_pos\":\"\",\"icon\":\"fa czico-142-search-6\",\"el\":\"20\",\"title_lenght\":\"\",\"cat_tax\":\"category\",\"cat\":\"99\",\"cat_exclude\":\"\",\"tag_tax\":\"post_tag\",\"tag_id\":\"\",\"tag_exclude\":\"\",\"post_type\":\"post\",\"posts_per_page\":\"\",\"order\":\"DESC\",\"orderby\":\"date\",\"tilt_data\":null,\"svg_sizes\":[\"600\",\"600\"],\"img_fx\":\"\",\"custom_size\":\"\",\"excerpt_rm\":\"true\",\"title_tag\":\"h3\",\"s\":\"\"}'><div class=\"cz_grid_item cz_grid_first\"><\/div><div data-id=\"2073\" class=\"cz_grid_item  cz_posts_list_even post-2073 post type-post status-publish format-standard has-post-thumbnail hentry category-blog-fr\"><div class=\"clr\"><a class=\"cz_grid_link\" href=\"https:\/\/ntccglobal.com\/fr\/custom-metal-structures-in-industry\/\" title=\"Structures m\u00e9talliques sur mesure dans l\u2019industrie\"><img decoding=\"async\" width=\"401\" height=\"240\" src=\"https:\/\/ntccglobal.com\/wp-content\/uploads\/2018\/06\/Custom-Metal-Structures-in-Industry.webp\" class=\"attachment-codevz_600_600\" alt=\"\" title=\"Custom-Metal-Structures-in-Industry\" srcset=\"https:\/\/ntccglobal.com\/wp-content\/uploads\/2018\/06\/Custom-Metal-Structures-in-Industry.webp 401w, https:\/\/ntccglobal.com\/wp-content\/uploads\/2018\/06\/Custom-Metal-Structures-in-Industry-300x180.webp 300w\" sizes=\"(max-width: 401px) 100vw, 401px\" \/><div class=\"cz_grid_details\"><i class=\"fa czico-142-search-6 cz_grid_icon\"><\/i><\/div><\/a><div class=\"cz_grid_details cz_grid_details_outside\"><a class=\"cz_grid_title\" href=\"https:\/\/ntccglobal.com\/fr\/custom-metal-structures-in-industry\/\"><h3>Structures m\u00e9talliques sur mesure dans l\u2019industrie<\/h3><\/a><small class=\"clr\"><span class=\"cz_post_data cz_data_date\"><a href=\"https:\/\/ntccglobal.com\/fr\/custom-metal-structures-in-industry\/\">20 Juin<\/a><\/span><\/small><div class=\"cz_post_excerpt\">Maisons pr\u00e9fabriqu\u00e9es, fermes en acier et unit\u00e9s frigorifiques soutenant les op\u00e9rations industrielles illustrent parfaitement l\u2019importance<a class=\"cz_readmore cz_readmore_no_icon\" href=\"https:\/\/ntccglobal.com\/fr\/custom-metal-structures-in-industry\/\"><span>Read More<\/span><\/a><\/div><\/div><\/div><\/div><div data-id=\"2074\" class=\"cz_grid_item  cz_posts_list_odd post-2074 post type-post status-publish format-standard has-post-thumbnail hentry category-blog-fr\"><div class=\"clr\"><a class=\"cz_grid_link\" href=\"https:\/\/ntccglobal.com\/fr\/efficiency-with-compactors-tanks\/\" title=\"Efficacit\u00e9 avec les compacteurs et citernes\"><img decoding=\"async\" width=\"401\" height=\"240\" src=\"https:\/\/ntccglobal.com\/wp-content\/uploads\/2018\/06\/Efficiency-with-Compactors.webp\" class=\"attachment-codevz_600_600\" alt=\"\" title=\"Efficiency-with-Compactors\" srcset=\"https:\/\/ntccglobal.com\/wp-content\/uploads\/2018\/06\/Efficiency-with-Compactors.webp 401w, https:\/\/ntccglobal.com\/wp-content\/uploads\/2018\/06\/Efficiency-with-Compactors-300x180.webp 300w\" sizes=\"(max-width: 401px) 100vw, 401px\" \/><div class=\"cz_grid_details\"><i class=\"fa czico-142-search-6 cz_grid_icon\"><\/i><\/div><\/a><div class=\"cz_grid_details cz_grid_details_outside\"><a class=\"cz_grid_title\" href=\"https:\/\/ntccglobal.com\/fr\/efficiency-with-compactors-tanks\/\"><h3>Efficacit\u00e9 avec les compacteurs et citernes<\/h3><\/a><small class=\"clr\"><span class=\"cz_post_data cz_data_date\"><a href=\"https:\/\/ntccglobal.com\/fr\/efficiency-with-compactors-tanks\/\">13 Juin<\/a><\/span><\/small><div class=\"cz_post_excerpt\">Dans le secteur industriel, la performance et la fiabilit\u00e9 des \u00e9quipements sont des facteurs cl\u00e9s pour assurer une production optimale ...<a class=\"cz_readmore cz_readmore_no_icon\" href=\"https:\/\/ntccglobal.com\/fr\/efficiency-with-compactors-tanks\/\"><span>Read More<\/span><\/a><\/div><\/div><\/div><\/div><div data-id=\"2075\" class=\"cz_grid_item  cz_posts_list_even post-2075 post type-post status-publish format-standard has-post-thumbnail hentry category-blog-fr\"><div class=\"clr\"><a class=\"cz_grid_link\" href=\"https:\/\/ntccglobal.com\/fr\/custom-metal-structures-in-industry-2\/\" title=\"Engagement pour la durabilit\u00e9 : fa\u00e7onner l\u2019avenir de l\u2019industrie\"><img decoding=\"async\" width=\"401\" height=\"240\" src=\"https:\/\/ntccglobal.com\/wp-content\/uploads\/2018\/06\/image-73.png\" class=\"attachment-codevz_600_600\" alt=\"\" title=\"image 73\" srcset=\"https:\/\/ntccglobal.com\/wp-content\/uploads\/2018\/06\/image-73.png 401w, https:\/\/ntccglobal.com\/wp-content\/uploads\/2018\/06\/image-73-300x180.png 300w\" sizes=\"(max-width: 401px) 100vw, 401px\" \/><div class=\"cz_grid_details\"><i class=\"fa czico-142-search-6 cz_grid_icon\"><\/i><\/div><\/a><div class=\"cz_grid_details cz_grid_details_outside\"><a class=\"cz_grid_title\" href=\"https:\/\/ntccglobal.com\/fr\/custom-metal-structures-in-industry-2\/\"><h3>Engagement pour la durabilit\u00e9 : fa\u00e7onner l\u2019avenir de l\u2019industrie<\/h3><\/a><small class=\"clr\"><span class=\"cz_post_data cz_data_date\"><a href=\"https:\/\/ntccglobal.com\/fr\/custom-metal-structures-in-industry-2\/\">10 Juin<\/a><\/span><\/small><div class=\"cz_post_excerpt\">D\u00e9couvrez nos initiatives \u00e9cologiques et nos pratiques de fabrication responsables, con\u00e7ues pour prot\u00e9ger l\u2019environnement tout en r\u00e9pondant<a class=\"cz_readmore cz_readmore_no_icon\" href=\"https:\/\/ntccglobal.com\/fr\/custom-metal-structures-in-industry-2\/\"><span>Read More<\/span><\/a><\/div><\/div><\/div><\/div><\/div><\/div>[\/vc_column][\/vc_row]<\/p>\n<\/section>","protected":false},"excerpt":{"rendered":"<p>[vc_row][vc_column][\/vc_column][\/vc_row] &#8230; <a class=\"cz_readmore cz_readmore_no_icon\" href=\"https:\/\/ntccglobal.com\/fr\/custom-metal-structures-in-industry-2\/\"><span>Read More<\/span><\/a><\/p>\n","protected":false},"author":1,"featured_media":0,"parent":0,"menu_order":0,"comment_status":"closed","ping_status":"closed","template":"","meta":{"inline_featured_image":false,"footnotes":""},"yst_prominent_words":[],"class_list":["post-2085","page","type-page","status-publish","hentry"],"_links":{"self":[{"href":"https:\/\/ntccglobal.com\/fr\/wp-json\/wp\/v2\/pages\/2085","targetHints":{"allow":["GET"]}}],"collection":[{"href":"https:\/\/ntccglobal.com\/fr\/wp-json\/wp\/v2\/pages"}],"about":[{"href":"https:\/\/ntccglobal.com\/fr\/wp-json\/wp\/v2\/types\/page"}],"author":[{"embeddable":true,"href":"https:\/\/ntccglobal.com\/fr\/wp-json\/wp\/v2\/users\/1"}],"replies":[{"embeddable":true,"href":"https:\/\/ntccglobal.com\/fr\/wp-json\/wp\/v2\/comments?post=2085"}],"version-history":[{"count":2,"href":"https:\/\/ntccglobal.com\/fr\/wp-json\/wp\/v2\/pages\/2085\/revisions"}],"predecessor-version":[{"id":2423,"href":"https:\/\/ntccglobal.com\/fr\/wp-json\/wp\/v2\/pages\/2085\/revisions\/2423"}],"wp:attachment":[{"href":"https:\/\/ntccglobal.com\/fr\/wp-json\/wp\/v2\/media?parent=2085"}],"wp:term":[{"taxonomy":"yst_prominent_words","embeddable":true,"href":"https:\/\/ntccglobal.com\/fr\/wp-json\/wp\/v2\/yst_prominent_words?post=2085"}],"curies":[{"name":"wp","href":"https:\/\/api.w.org\/{rel}","templated":true}]}}