{"id":2084,"date":"2025-10-26T20:15:54","date_gmt":"2025-10-26T20:15:54","guid":{"rendered":"https:\/\/ntcc.trustdev.info\/about-us\/"},"modified":"2025-11-07T11:18:25","modified_gmt":"2025-11-07T11:18:25","slug":"a-propos","status":"publish","type":"page","link":"https:\/\/ntccglobal.com\/fr\/a-propos\/","title":{"rendered":"\u00c0 propos"},"content":{"rendered":"<section class=\"wpb-content-wrapper\"><p>[vc_row][vc_column]<div id=\"cz_34655\" class=\"cz_34655 cz_title clr cz_mobile_text_center cz_title_pos_inline center_title\"><div class=\"cz_title_content\"><div class=\"cz_wpe_content\"><p><span class=\"sub_title\">\u00c0 propos<\/span><\/p>\n<h2>National Trailer Export Company<\/h2>\n<\/div><\/div><\/div><div id=\"cz_62954\" class=\"cz_62954 cz_image clr cz_image_no_fx center_on_mobile\"><div class=\"\" ><div class=\"cz_image_in\"><div class=\"cz_main_image\"><img decoding=\"async\" width=\"1280\" height=\"435\" src=\"https:\/\/ntccglobal.com\/wp-content\/uploads\/2025\/10\/National-Trailer-Export-Company.webp\" class=\"attachment-full\" alt=\"\" title=\"National-Trailer-Export-Company\" srcset=\"https:\/\/ntccglobal.com\/wp-content\/uploads\/2025\/10\/National-Trailer-Export-Company.webp 1280w, https:\/\/ntccglobal.com\/wp-content\/uploads\/2025\/10\/National-Trailer-Export-Company-300x102.webp 300w, https:\/\/ntccglobal.com\/wp-content\/uploads\/2025\/10\/National-Trailer-Export-Company-1024x348.webp 1024w, https:\/\/ntccglobal.com\/wp-content\/uploads\/2025\/10\/National-Trailer-Export-Company-768x261.webp 768w, https:\/\/ntccglobal.com\/wp-content\/uploads\/2025\/10\/National-Trailer-Export-Company-600x204.webp 600w\" sizes=\"(max-width: 1280px) 100vw, 1280px\" \/><\/div><\/div><\/div><\/div>[\/vc_column][\/vc_row][vc_row][vc_column]<div class=\"cz_gap clr  hide_on_mobile\" style=\"height: 100px\"><\/div><div class=\"cz_gap show_on_mobile clr\" style=\"height: 20px\"><\/div><div id=\"cz_106376\" class=\"cz_106376 cz_title clr cz_mobile_text_center cz_title_pos_inline center_title\"><div class=\"cz_title_content\"><div class=\"cz_wpe_content\"><p><span class=\"sub_title\">Ce que nous faisons<\/span><\/p>\n<h2>Anim\u00e9 par la qualit\u00e9<\/h2>\n<\/div><\/div><\/div><div id=\"cz_81155\" class=\"cz_81155 slick no_arrows no_dots\" data-slick='{\"selector\":\"\",\"slidesToShow\":3,\"slidesToScroll\":1,\"rows\":1,\"fade\":false,\"vertical\":false,\"verticalSwiping\":false,\"infinite\":false,\"speed\":1000,\"swipeToSlide\":true,\"centerMode\":false,\"centerPadding\":\"\",\"variableWidth\":false,\"autoplay\":false,\"autoplaySpeed\":4000,\"dots\":true,\"counts\":false,\"adaptiveHeight\":false,\"responsive\":[{\"breakpoint\":769,\"settings\":{\"slidesToShow\":2,\"slidesToScroll\":1,\"touchMove\":true}},{\"breakpoint\":481,\"settings\":{\"slidesToShow\":1,\"slidesToScroll\":1,\"touchMove\":true}}]}' data-slick-prev=\"fa fa-chevron-left\" data-slick-next=\"fa fa-chevron-right\"><div id=\"cz_54435\" class=\"cz_54435 services clr style11 cz_sbi_fx_0 services_b serv1 vert\"><div class=\"service_img\"><img decoding=\"async\" width=\"147\" height=\"150\" src=\"https:\/\/ntccglobal.com\/wp-content\/uploads\/2025\/10\/Custom-Manufacturing.svg\" class=\"service-icon attachment-thumbnail\" alt=\"\" title=\"Custom Manufacturing\" \/><\/div><div class=\"service_text\"><h3>Fabrication sur mesure<\/h3><div class=\"cz_wpe_content\">Solutions sur mesure et fiables pour camions \u2014 conformes aux normes internationales et aux besoins clients.<\/div><\/div><\/div><div id=\"cz_21897\" class=\"cz_21897 services clr style11 cz_sbi_fx_0 services_b serv1 vert\"><div class=\"service_img\"><img decoding=\"async\" width=\"150\" height=\"122\" src=\"https:\/\/ntccglobal.com\/wp-content\/uploads\/2025\/10\/Industrial-Solutions.svg\" class=\"service-icon attachment-thumbnail\" alt=\"\" title=\"Industrial Solutions\" \/><\/div><div class=\"service_text\"><h3>Solutions industrielles<\/h3><div class=\"cz_wpe_content\">Des remorques aux \u00e9quipements sp\u00e9cialis\u00e9s, nous fournissons des solutions durables pour tous les secteurs.<\/div><\/div><\/div><div id=\"cz_76648\" class=\"cz_76648 services clr style11 cz_sbi_fx_0 services_b serv1 vert\"><div class=\"service_img\"><img decoding=\"async\" width=\"150\" height=\"150\" src=\"https:\/\/ntccglobal.com\/wp-content\/uploads\/2025\/10\/Quality-Performance.svg\" class=\"service-icon attachment-thumbnail\" alt=\"\" title=\"Quality &amp; Performance\" \/><\/div><div class=\"service_text\"><h3>Qualit\u00e9 &amp; Performance<\/h3><div class=\"cz_wpe_content\">Con\u00e7u avec pr\u00e9cision, fabriqu\u00e9 pour durer \u2014 garantissant fiabilit\u00e9, efficacit\u00e9 et performance \u00e9lev\u00e9e dans chaque produit.<\/div><\/div><\/div><\/div><div><\/div>[\/vc_column][\/vc_row][vc_row][vc_column width=\u00a0\u00bb1\/2&Prime; el_class=\u00a0\u00bbpadd_r80&Prime;]<div id=\"cz_62436\" class=\"cz_62436 cz_title clr cz_mobile_text_center cz_title_pos_inline\"><div class=\"cz_title_content\"><div class=\"cz_wpe_content\"><p><span class=\"sub_title\">Notre histoire &amp; notre vision<\/span><\/p>\n<h2>Un leader national dans<br \/>\nla fabrication industrielle<\/h2>\n<\/div><\/div><\/div><div id=\"cz_30918\" class=\"cz_30918 cz_title clr cz_mobile_text_center cz_title_pos_inline\"><div class=\"cz_title_content\"><div class=\"cz_wpe_content\"><p data-pm-slice=\"1 1 []\">Gr\u00e2ce \u00e0 un soutien solide et \u00e0 des investissements strat\u00e9giques, National Trailer Export Company a retrouv\u00e9 son r\u00f4le central dans le secteur industriel, produisant remorques, compacteurs et citernes \u00e0 carburant et \u00e0 eau pour les besoins locaux et r\u00e9gionaux.<\/p>\n<\/div><\/div><\/div><div id=\"cz_44818\" class=\"cz_44818 services clr style11 cz_sbi_fx_0 left serv1\"><div class=\"service_img\"><img decoding=\"async\" width=\"40\" height=\"40\" src=\"https:\/\/ntccglobal.com\/wp-content\/uploads\/2025\/10\/foundation.svg\" class=\"service-icon attachment-full\" alt=\"\" title=\"foundation\" \/><\/div><div class=\"service_text\"><h3>Notre Fondation<\/h3><div class=\"cz_wpe_content\">Fond\u00e9e en 1981 en partenariat avec l\u2019expertise italienne, marquant le d\u00e9but de notre aventure industrielle.<\/div><\/div><\/div><div id=\"cz_105679\" class=\"cz_105679 services clr style11 cz_sbi_fx_0 left serv1\"><div class=\"service_img\"><img decoding=\"async\" width=\"43\" height=\"48\" src=\"https:\/\/ntccglobal.com\/wp-content\/uploads\/2025\/10\/national-identity.svg\" class=\"service-icon attachment-full\" alt=\"\" title=\"national-identity\" \/><\/div><div class=\"service_text\"><h3>Identit\u00e9 100\u202f% nationale<\/h3><div class=\"cz_wpe_content\">Depuis 2006, enti\u00e8rement libyenne, s\u2019appuyant sur des talents locaux qualifi\u00e9s et des ing\u00e9nieurs exp\u00e9riment\u00e9s pour offrir des solutions de qualit\u00e9.<\/div><\/div><\/div>[\/vc_column][vc_column width=\u00a0\u00bb1\/2&Prime; offset=\u00a0\u00bbvc_hidden-sm vc_hidden-xs\u00a0\u00bb]<div id=\"cz_24794\" class=\"cz_24794 cz_group_parallax\"><div class=\"cz_layer_parallax\" style=\"width:350px;top:45px;left:250px\"><div class=\"clr cz_parallax_v_-5\"><div><img decoding=\"async\" width=\"362\" height=\"398\" src=\"https:\/\/ntccglobal.com\/wp-content\/uploads\/2025\/10\/Industrial-Manufacturing-2.webp\" class=\"attachment-full\" alt=\"\" title=\"Industrial-Manufacturing\" srcset=\"https:\/\/ntccglobal.com\/wp-content\/uploads\/2025\/10\/Industrial-Manufacturing-2.webp 362w, https:\/\/ntccglobal.com\/wp-content\/uploads\/2025\/10\/Industrial-Manufacturing-2-273x300.webp 273w\" sizes=\"(max-width: 362px) 100vw, 362px\" \/><\/div><\/div><\/div><div class=\"cz_layer_parallax\" style=\"width:320px;top:160px;left:-38px\"><div class=\"clr cz_parallax_v_5\"><div><img decoding=\"async\" width=\"366\" height=\"694\" src=\"https:\/\/ntccglobal.com\/wp-content\/uploads\/2025\/10\/Industrial-Manufacturing-1.webp\" class=\"attachment-full\" alt=\"\" title=\"Industrial-Manufacturing-1\" srcset=\"https:\/\/ntccglobal.com\/wp-content\/uploads\/2025\/10\/Industrial-Manufacturing-1.webp 366w, https:\/\/ntccglobal.com\/wp-content\/uploads\/2025\/10\/Industrial-Manufacturing-1-158x300.webp 158w\" sizes=\"(max-width: 366px) 100vw, 366px\" \/><\/div><\/div><\/div><div class=\"cz_layer_parallax\" style=\"width:350px;top:410px;left:250px\"><div class=\"clr cz_parallax_v_-5\"><div><img decoding=\"async\" width=\"362\" height=\"278\" src=\"https:\/\/ntccglobal.com\/wp-content\/uploads\/2025\/10\/Industrial-Manufacturing-3.webp\" class=\"attachment-full\" alt=\"\" title=\"Industrial-Manufacturing-3\" srcset=\"https:\/\/ntccglobal.com\/wp-content\/uploads\/2025\/10\/Industrial-Manufacturing-3.webp 362w, https:\/\/ntccglobal.com\/wp-content\/uploads\/2025\/10\/Industrial-Manufacturing-3-300x230.webp 300w\" sizes=\"(max-width: 362px) 100vw, 362px\" \/><\/div><\/div><\/div><\/div>[\/vc_column][\/vc_row][vc_row][vc_column]<div class=\"cz_gap clr  hide_on_mobile\" style=\"height: 120px\"><\/div><div class=\"cz_gap show_on_mobile clr\" style=\"height: 60px\"><\/div>[\/vc_column][\/vc_row][vc_row content_placement=\u00a0\u00bbmiddle\u00a0\u00bb el_class=\u00a0\u00bbcust_blocs\u00a0\u00bb][vc_column width=\u00a0\u00bb5\/12&Prime;]<div id=\"cz_109067\" class=\"cz_109067 cz_image clr cz_image_no_fx center_on_mobile bs_img\"><div class=\"\" ><div class=\"cz_image_in\"><div class=\"cz_main_image\"><img decoding=\"async\" width=\"855\" height=\"868\" src=\"https:\/\/ntccglobal.com\/wp-content\/uploads\/2025\/10\/Engineering-Reliability.webp\" class=\"attachment-full\" alt=\"\" title=\"Engineering-Reliability\" srcset=\"https:\/\/ntccglobal.com\/wp-content\/uploads\/2025\/10\/Engineering-Reliability.webp 855w, https:\/\/ntccglobal.com\/wp-content\/uploads\/2025\/10\/Engineering-Reliability-296x300.webp 296w, https:\/\/ntccglobal.com\/wp-content\/uploads\/2025\/10\/Engineering-Reliability-768x780.webp 768w, https:\/\/ntccglobal.com\/wp-content\/uploads\/2025\/10\/Engineering-Reliability-600x609.webp 600w\" sizes=\"(max-width: 855px) 100vw, 855px\" \/><\/div><\/div><\/div><\/div>[\/vc_column][vc_column width=\u00a0\u00bb1\/12&Prime;][\/vc_column][vc_column width=\u00a0\u00bb6\/12&Prime;]<div id=\"cz_72368\" class=\"cz_72368 cz_title clr cz_mobile_text_center cz_title_pos_inline\"><div class=\"cz_title_content\"><div class=\"cz_wpe_content\"><p><span class=\"sub_title\">Une qualit\u00e9 de confiance<\/span><\/p>\n<h2>Fiabilit\u00e9 ing\u00e9nierique pour chaque industrie<\/h2>\n<\/div><\/div><\/div><div id=\"cz_42373\" class=\"cz_42373 cz_title clr cz_mobile_text_center cz_title_pos_inline\"><div class=\"cz_title_content\"><div class=\"cz_wpe_content\"><p data-pm-slice=\"1 1 []\">Chez National Trailers Export Company, la qualit\u00e9 est au c\u0153ur de toutes nos activit\u00e9s. Certifi\u00e9s selon la norme internationale ISO 9001, nous nous engageons pleinement \u00e0 respecter et d\u00e9passer les standards mondiaux. Chaque produit est soigneusement con\u00e7u pour r\u00e9sister aux environnements de travail les plus exigeants, garantissant fiabilit\u00e9 et performance sur le long terme. Notre engagement envers la qualit\u00e9 :<\/p>\n<\/div><\/div><\/div><ul id=\"cz_46522\" class=\"cz_46522 cz_stylish_list clr cz_sl_icon_hover_zoom_in\"><li class=\"clr\"><div class=\"cz_sl_icon\"><i class=\"fas fa-check-circle mr10\" ><\/i><\/div><div><span>Normes internationales \u2013 Certifi\u00e9 ISO 9001.<\/span><\/div><\/li><li class=\"clr\"><div class=\"cz_sl_icon\"><i class=\"fas fa-check-circle mr10\" ><\/i><\/div><div><span>Durabilit\u00e9 \u2013 Con\u00e7u pour durer.<\/span><\/div><\/li><li class=\"clr\"><div class=\"cz_sl_icon\"><i class=\"fas fa-check-circle mr10\" ><\/i><\/div><div><span>Innovation \u2013 Port\u00e9e par la R&D.<\/span><\/div><\/li><li class=\"clr\"><div class=\"cz_sl_icon\"><i class=\"fas fa-check-circle mr10\" ><\/i><\/div><div><span>Orientation client \u2013 Des solutions adapt\u00e9es.<\/span><\/div><\/li><li class=\"clr\"><div class=\"cz_sl_icon\"><i class=\"fas fa-check-circle mr10\" ><\/i><\/div><div><span>Durabilit\u00e9 \u2013 Conceptions respectueuses de l\u2019environnement.<\/span><\/div><\/li><\/ul>[\/vc_column][\/vc_row][vc_row][vc_column]<div class=\"cz_gap clr  hide_on_mobile\" style=\"height: 120px\"><\/div><div class=\"cz_gap show_on_mobile clr\" style=\"height: 20px\"><\/div>[\/vc_column][\/vc_row][vc_row content_placement=\u00a0\u00bbmiddle\u00a0\u00bb][vc_column width=\u00a0\u00bb1\/2&Prime; el_class=\u00a0\u00bbpadd_r80&Prime;]<div id=\"cz_64593\" class=\"cz_64593 cz_title clr cz_mobile_text_center cz_title_pos_inline\"><div class=\"cz_title_content\"><div class=\"cz_wpe_content\"><p><span class=\"sub_title\">Partenariats \u00e9prouv\u00e9s<\/span><\/p>\n<h2>Approuv\u00e9 par les principales institutions<\/h2>\n<\/div><\/div><\/div><div id=\"cz_16859\" class=\"cz_16859 cz_title clr cz_mobile_text_center cz_title_pos_inline\"><div class=\"cz_title_content\"><div class=\"cz_wpe_content\"><p data-pm-slice=\"1 1 []\">Au fil des ann\u00e9es, National Trailers Export Company a construit des relations solides avec les organisations les plus importantes de Libye. Notre capacit\u00e9 \u00e9prouv\u00e9e \u00e0 fournir des solutions fiables et de haute qualit\u00e9 fait de nous un partenaire de confiance, tant pour le secteur public que priv\u00e9.<\/p>\n<\/div><\/div><\/div><div id=\"cz_101480\" class=\"cz_101480 slick no_arrows no_dots\" data-slick='{\"selector\":\"\",\"slidesToShow\":2,\"slidesToScroll\":1,\"rows\":1,\"fade\":false,\"vertical\":false,\"verticalSwiping\":false,\"infinite\":false,\"speed\":1000,\"swipeToSlide\":true,\"centerMode\":false,\"centerPadding\":\"\",\"variableWidth\":false,\"autoplay\":false,\"autoplaySpeed\":4000,\"dots\":true,\"counts\":false,\"adaptiveHeight\":false,\"responsive\":[{\"breakpoint\":769,\"settings\":{\"slidesToShow\":2,\"slidesToScroll\":1,\"touchMove\":true}},{\"breakpoint\":481,\"settings\":{\"slidesToShow\":1,\"slidesToScroll\":1,\"touchMove\":true}}]}' data-slick-prev=\"fa fa-chevron-left\" data-slick-next=\"fa fa-chevron-right\"><div id=\"cz_49365\" class=\"cz_49365 services clr style11 cz_sbi_fx_0 services_b serv1 vert\"><div class=\"service_img\"><img decoding=\"async\" width=\"150\" height=\"108\" src=\"https:\/\/ntccglobal.com\/wp-content\/uploads\/2025\/10\/National-Infrastructure-Projects.svg\" class=\"service-icon attachment-thumbnail\" alt=\"\" title=\"National Infrastructure Projects\" \/><\/div><div class=\"service_text\"><h3>Projets d\u2019infrastructure nationaux<\/h3><div class=\"cz_wpe_content\">Collaborations avec le Minist\u00e8re du Logement, des Services Publics et la Soci\u00e9t\u00e9 d\u2019\u00c9lectricit\u00e9.<\/div><\/div><\/div><div id=\"cz_13379\" class=\"cz_13379 services clr style11 cz_sbi_fx_0 services_b serv1 vert\"><div class=\"service_img\"><img decoding=\"async\" width=\"150\" height=\"150\" src=\"https:\/\/ntccglobal.com\/wp-content\/uploads\/2025\/10\/Energy-Industrial-Sector.svg\" class=\"service-icon attachment-thumbnail\" alt=\"\" title=\"Energy &amp; Industrial Sector\" \/><\/div><div class=\"service_text\"><h3>\u00c9nergie &amp; secteur industriel<\/h3><div class=\"cz_wpe_content\">Partenariats durables avec les grandes compagnies p\u00e9troli\u00e8res et le projet du Grand Fleuve Artificiel.<\/div><\/div><\/div><\/div><div><\/div>[\/vc_column][vc_column width=\u00a0\u00bb1\/2&Prime; offset=\u00a0\u00bbvc_hidden-sm vc_hidden-xs\u00a0\u00bb]<div id=\"cz_48576\" class=\"cz_48576 cz_image clr cz_image_no_fx center_on_mobile\"><div class=\"\" ><div class=\"cz_image_in\"><div class=\"cz_main_image\"><img decoding=\"async\" width=\"733\" height=\"733\" src=\"https:\/\/ntccglobal.com\/wp-content\/uploads\/2025\/10\/infrastructure-projects.webp\" class=\"attachment-full\" alt=\"\" title=\"infrastructure-projects\" srcset=\"https:\/\/ntccglobal.com\/wp-content\/uploads\/2025\/10\/infrastructure-projects.webp 733w, https:\/\/ntccglobal.com\/wp-content\/uploads\/2025\/10\/infrastructure-projects-300x300.webp 300w, https:\/\/ntccglobal.com\/wp-content\/uploads\/2025\/10\/infrastructure-projects-150x150.webp 150w, https:\/\/ntccglobal.com\/wp-content\/uploads\/2025\/10\/infrastructure-projects-600x600.webp 600w\" sizes=\"(max-width: 733px) 100vw, 733px\" \/><\/div><\/div><\/div><\/div>[\/vc_column][\/vc_row][vc_row][vc_column]<div class=\"cz_gap clr  hide_on_mobile\" style=\"height: 122px\"><\/div><div class=\"cz_gap show_on_mobile clr\" style=\"height: 20px\"><\/div>[\/vc_column][\/vc_row][vc_row][vc_column width=\u00a0\u00bb5\/12&Prime;]<div id=\"cz_43680\" class=\"cz_43680 cz_image clr cz_image_no_fx center_on_mobile bs_img\"><div class=\"\" ><div class=\"cz_image_in\"><div class=\"cz_main_image\"><img decoding=\"async\" width=\"364\" height=\"409\" src=\"https:\/\/ntccglobal.com\/wp-content\/uploads\/2025\/10\/Evolution-International.webp\" class=\"attachment-full\" alt=\"\" title=\"Evolution-International\" srcset=\"https:\/\/ntccglobal.com\/wp-content\/uploads\/2025\/10\/Evolution-International.webp 364w, https:\/\/ntccglobal.com\/wp-content\/uploads\/2025\/10\/Evolution-International-267x300.webp 267w\" sizes=\"(max-width: 364px) 100vw, 364px\" \/><\/div><\/div><\/div><\/div><div class=\"clr cz_parallax_v_7\"><div id=\"cz_53797\" class=\"cz_53797 services clr style11 services_b serv3 pos1\"><div class=\"service_img\"><img decoding=\"async\" width=\"200\" height=\"200\" src=\"https:\/\/ntccglobal.com\/wp-content\/uploads\/2025\/10\/Societe-evolution.webp\" class=\"service-icon attachment-full\" alt=\"\" title=\"Societe-evolution\" srcset=\"https:\/\/ntccglobal.com\/wp-content\/uploads\/2025\/10\/Societe-evolution.webp 200w, https:\/\/ntccglobal.com\/wp-content\/uploads\/2025\/10\/Societe-evolution-150x150.webp 150w\" sizes=\"(max-width: 200px) 100vw, 200px\" \/><\/div><div class=\"service_text\"><div class=\"cz_wpe_content\"><\/div><\/div><\/div><\/div>[\/vc_column][vc_column width=\u00a0\u00bb1\/12&Prime;][\/vc_column][vc_column width=\u00a0\u00bb6\/12&Prime;]<div id=\"cz_25309\" class=\"cz_25309 cz_title clr cz_mobile_text_center cz_title_pos_inline\"><div class=\"cz_title_content\"><div class=\"cz_wpe_content\"><p><span class=\"sub_title\">NTC dans le monde entier<\/span><\/p>\n<h2>Evolution International, repr\u00e9sentant officiel de NTC \u00e0 l\u2019\u00e9tranger<\/h2>\n<\/div><\/div><\/div><div id=\"cz_39772\" class=\"cz_39772 cz_title clr cz_mobile_text_center cz_title_pos_inline\"><div class=\"cz_title_content\"><div class=\"cz_wpe_content\"><p>Evolution International est le repr\u00e9sentant officiel de NTC.<br data-start=\"64\" data-end=\"67\" \/>Faisant partie du Groupe Evolution, l\u2019un des groupes leaders en Afrique, l\u2019entreprise s\u2019appuie sur une solide r\u00e9putation construite gr\u00e2ce \u00e0 une strat\u00e9gie avis\u00e9e, couvrant des secteurs stables et rentables.<\/p>\n<p data-pm-slice=\"1 1 []\">Au fil des d\u00e9cennies, Evolution a cr\u00e9\u00e9 des synergies audacieuses et a \u00e9t\u00e9 pionni\u00e8re dans les produits en acier, m\u00e9tallurgie et aluminium, avec une pr\u00e9sence marqu\u00e9e dans l\u2019industrie et le commerce. Le partenariat avec NTC illustre l\u2019engagement d\u2019Evolution International envers l\u2019excellence et le leadership dans le domaine.<\/p>\n<\/div><\/div><\/div>[\/vc_column][\/vc_row][vc_row][vc_column]<div class=\"cz_gap clr  hide_on_mobile\" style=\"height: 122px\"><\/div><div class=\"cz_gap show_on_mobile clr\" style=\"height: 20px\"><\/div>[\/vc_column][\/vc_row][vc_row el_class=\u00a0\u00bbnewsletter_section\u00a0\u00bb css=\u00a0\u00bb.vc_custom_1762514304279{background-image: url(https:\/\/ntccglobal.com\/wp-content\/uploads\/2025\/10\/bg2.jpg?id=1789) !important;}\u00a0\u00bb][vc_column width=\u00a0\u00bb1\/3&Prime;]<div id=\"cz_14666\" class=\"cz_14666 cz_image clr cz_image_no_fx center_on_mobile\"><div class=\"\" ><div class=\"cz_image_in\"><div class=\"cz_main_image\"><img decoding=\"async\" width=\"413\" height=\"374\" src=\"https:\/\/ntccglobal.com\/wp-content\/uploads\/2025\/10\/newsletter.webp\" class=\"attachment-full\" alt=\"\" title=\"newsletter\" srcset=\"https:\/\/ntccglobal.com\/wp-content\/uploads\/2025\/10\/newsletter.webp 413w, https:\/\/ntccglobal.com\/wp-content\/uploads\/2025\/10\/newsletter-300x272.webp 300w\" sizes=\"(max-width: 413px) 100vw, 413px\" \/><\/div><\/div><\/div><\/div>[\/vc_column][vc_column width=\u00a0\u00bb2\/3&Prime;]<div id=\"cz_39949\" class=\"cz_39949 cz_cf7 clr\"><div>\n<div class=\"wpcf7 no-js\" id=\"wpcf7-f1791-o1\" lang=\"en-US\" dir=\"ltr\" data-wpcf7-id=\"1791\">\n<div class=\"screen-reader-response\"><p role=\"status\" aria-live=\"polite\" aria-atomic=\"true\"><\/p> <ul><\/ul><\/div>\n<form action=\"\/fr\/wp-json\/wp\/v2\/pages\/2084#wpcf7-f1791-o1\" method=\"post\" class=\"wpcf7-form init\" aria-label=\"Contact form\" novalidate=\"novalidate\" data-status=\"init\">\n<fieldset class=\"hidden-fields-container\"><input type=\"hidden\" name=\"_wpcf7\" value=\"1791\" \/><input type=\"hidden\" name=\"_wpcf7_version\" value=\"6.1.3\" \/><input type=\"hidden\" name=\"_wpcf7_locale\" value=\"en_US\" \/><input type=\"hidden\" name=\"_wpcf7_unit_tag\" value=\"wpcf7-f1791-o1\" \/><input type=\"hidden\" name=\"_wpcf7_container_post\" value=\"0\" \/><input type=\"hidden\" name=\"_wpcf7_posted_data_hash\" value=\"\" \/>\n<\/fieldset>\n<h2>Newsletter\n<\/h2>\n<p class=\"txt\">Stay informed with our easy newsletter\n<\/p>\n<p class=\"input\"><span class=\"wpcf7-form-control-wrap\" data-name=\"your-email\"><input size=\"40\" maxlength=\"400\" class=\"wpcf7-form-control wpcf7-email wpcf7-validates-as-required wpcf7-text wpcf7-validates-as-email\" aria-required=\"true\" aria-invalid=\"false\" placeholder=\"Email Address\" value=\"\" type=\"email\" name=\"your-email\" \/><\/span>\n<\/p>\n<p class=\"send\"><input class=\"wpcf7-form-control wpcf7-submit has-spinner\" type=\"submit\" value=\"Send\" \/>\n<\/p><div class=\"wpcf7-response-output\" aria-hidden=\"true\"><\/div>\n<\/form>\n<\/div>\n<\/div><\/div>[\/vc_column][\/vc_row]<\/p>\n<\/section>","protected":false},"excerpt":{"rendered":"<p>[vc_row][vc_column][\/vc_column][\/vc_row][vc_row][vc_column][\/vc_column][\/vc_row][vc_row][vc_column width=\u00a0\u00bb1\/2&Prime; el_class=\u00a0\u00bbpadd_r80&Prime;][\/vc_column][vc_column width=\u00a0\u00bb1\/2&Prime; offset=\u00a0\u00bbvc_hidden-sm vc_hidden-xs\u00a0\u00bb][\/vc_column][\/vc_row][vc_row][vc_column][\/vc_column][\/vc_row][vc_row content_placement=\u00a0\u00bbmiddle\u00a0\u00bb el_class=\u00a0\u00bbcust_blocs\u00a0\u00bb][vc_column width=\u00a0\u00bb5\/12&Prime;][\/vc_column][vc_column width=\u00a0\u00bb1\/12&Prime;][\/vc_column][vc_column width=\u00a0\u00bb6\/12&Prime;][\/vc_column][\/vc_row][vc_row][vc_column][\/vc_column][\/vc_row][vc_row &#8230; <\/p>\n","protected":false},"author":1,"featured_media":0,"parent":0,"menu_order":0,"comment_status":"closed","ping_status":"closed","template":"","meta":{"inline_featured_image":false,"footnotes":""},"yst_prominent_words":[],"class_list":["post-2084","page","type-page","status-publish","hentry"],"_links":{"self":[{"href":"https:\/\/ntccglobal.com\/fr\/wp-json\/wp\/v2\/pages\/2084","targetHints":{"allow":["GET"]}}],"collection":[{"href":"https:\/\/ntccglobal.com\/fr\/wp-json\/wp\/v2\/pages"}],"about":[{"href":"https:\/\/ntccglobal.com\/fr\/wp-json\/wp\/v2\/types\/page"}],"author":[{"embeddable":true,"href":"https:\/\/ntccglobal.com\/fr\/wp-json\/wp\/v2\/users\/1"}],"replies":[{"embeddable":true,"href":"https:\/\/ntccglobal.com\/fr\/wp-json\/wp\/v2\/comments?post=2084"}],"version-history":[{"count":13,"href":"https:\/\/ntccglobal.com\/fr\/wp-json\/wp\/v2\/pages\/2084\/revisions"}],"predecessor-version":[{"id":2554,"href":"https:\/\/ntccglobal.com\/fr\/wp-json\/wp\/v2\/pages\/2084\/revisions\/2554"}],"wp:attachment":[{"href":"https:\/\/ntccglobal.com\/fr\/wp-json\/wp\/v2\/media?parent=2084"}],"wp:term":[{"taxonomy":"yst_prominent_words","embeddable":true,"href":"https:\/\/ntccglobal.com\/fr\/wp-json\/wp\/v2\/yst_prominent_words?post=2084"}],"curies":[{"name":"wp","href":"https:\/\/api.w.org\/{rel}","templated":true}]}}